{"id":966,"date":"2025-03-12T13:50:36","date_gmt":"2025-03-12T17:50:36","guid":{"rendered":"https:\/\/suplementappbolivia.com\/?post_type=product&#038;p=966"},"modified":"2025-08-19T22:17:53","modified_gmt":"2025-08-20T02:17:53","slug":"discos-de-impacto-de-caucho","status":"publish","type":"product","link":"https:\/\/suplementappbolivia.com\/?product=discos-de-impacto-de-caucho","title":{"rendered":"DISCOS DE IMPACTO DE CAUCHO"},"content":{"rendered":"<div data-hveid=\"CC4QAQ\" data-ved=\"2ahUKEwjnqfH5iYWMAxUbGbkGHdj3AsQQj7gIegQILhAB\">\n<div class=\"dnXCYb\" tabindex=\"0\" role=\"button\" aria-controls=\"_uMXRZ-ftJZuy5OUP2O-LoAw_44\" aria-expanded=\"true\"><\/div>\n<div class=\"dnXCYb\" tabindex=\"0\" role=\"button\" aria-controls=\"_uMXRZ-ftJZuy5OUP2O-LoAw_44\" aria-expanded=\"true\">\n<h4 class=\"JlqpRe\"><span class=\"JCzEY tNxQIb\"><span class=\"CSkcDe\">\u00bfQu\u00e9 son los discos bumper?<\/span><\/span><\/h4>\n<div class=\"p8Jhnd\">\n<div>Un disco Bumper de caucho\u00a0<b>es un disco que est\u00e1 pensado para un uso en CrossFit\u00ae o Halterofilia, ya que en estos deportes es vital que el atleta pueda dejar caer la barra al suelo, estos<\/b>\u00a0permiten realizar los levantamientos con mayor seguridad y protecci\u00f3n del suelo, ya que amortiguan el impacto al caer.<\/div>\n<div class=\"aj35ze\"><b>Son un tipo de equipamiento de halterofilia que se utilizan para realizar ejercicios de levantamiento de pesas de estilo ol\u00edmpico<\/b>, como el snatch o el clean and jerk.<\/div>\n<div>Tienen un <b>di\u00e1metro de 45 cm<\/b> y su grosor var\u00eda seg\u00fan el peso, discos de 5 kg: 2,6 cm. discos de 10 kg: 3,8 cm, y as\u00ed sucesivamente.<\/div>\n<\/div>\n<div><\/div>\n<\/div>\n<\/div>\n","protected":false},"excerpt":{"rendered":"<p class=\"cvGsUA direction-ltr align-center para-style-body\"><span class=\"OYPEnA font-feature-liga-off font-feature-clig-off font-feature-calt-off text-decoration-none text-strikethrough-none\">Discos de caucho de alto impacto, especiales para crossfit y halterofilia.<\/span><\/p>\n<p>&nbsp;<\/p>\n","protected":false},"featured_media":861,"comment_status":"open","ping_status":"closed","template":"","meta":[],"product_brand":[53],"product_cat":[44,29],"product_tag":[],"class_list":{"0":"post-966","1":"product","2":"type-product","3":"status-publish","4":"has-post-thumbnail","6":"product_brand-md-buddy","7":"product_cat-material-de-gimnasio","8":"product_cat-material-deportivo","9":"product_shipping_class-paquetes-pesados","11":"first","12":"instock","13":"featured","14":"taxable","15":"shipping-taxable","16":"purchasable","17":"product-type-variable"},"jetpack_sharing_enabled":true,"_links":{"self":[{"href":"https:\/\/suplementappbolivia.com\/index.php?rest_route=\/wp\/v2\/product\/966","targetHints":{"allow":["GET"]}}],"collection":[{"href":"https:\/\/suplementappbolivia.com\/index.php?rest_route=\/wp\/v2\/product"}],"about":[{"href":"https:\/\/suplementappbolivia.com\/index.php?rest_route=\/wp\/v2\/types\/product"}],"replies":[{"embeddable":true,"href":"https:\/\/suplementappbolivia.com\/index.php?rest_route=%2Fwp%2Fv2%2Fcomments&post=966"}],"wp:featuredmedia":[{"embeddable":true,"href":"https:\/\/suplementappbolivia.com\/index.php?rest_route=\/wp\/v2\/media\/861"}],"wp:attachment":[{"href":"https:\/\/suplementappbolivia.com\/index.php?rest_route=%2Fwp%2Fv2%2Fmedia&parent=966"}],"wp:term":[{"taxonomy":"product_brand","embeddable":true,"href":"https:\/\/suplementappbolivia.com\/index.php?rest_route=%2Fwp%2Fv2%2Fproduct_brand&post=966"},{"taxonomy":"product_cat","embeddable":true,"href":"https:\/\/suplementappbolivia.com\/index.php?rest_route=%2Fwp%2Fv2%2Fproduct_cat&post=966"},{"taxonomy":"product_tag","embeddable":true,"href":"https:\/\/suplementappbolivia.com\/index.php?rest_route=%2Fwp%2Fv2%2Fproduct_tag&post=966"}],"curies":[{"name":"wp","href":"https:\/\/api.w.org\/{rel}","templated":true}]}}