{"id":288,"date":"2024-08-30T12:42:33","date_gmt":"2024-08-30T16:42:33","guid":{"rendered":"https:\/\/suplementappbolivia.com\/?post_type=product&#038;p=288"},"modified":"2025-08-22T15:32:58","modified_gmt":"2025-08-22T19:32:58","slug":"iso-triple-zero","status":"publish","type":"product","link":"https:\/\/suplementappbolivia.com\/?product=iso-triple-zero","title":{"rendered":"ISO TRIPLE ZERO"},"content":{"rendered":"<h3><strong>Iso Triple Zero de Integralmedica es la elecci\u00f3n perfecta<\/strong><\/h3>\n<p><strong><span>Si buscas ganar masa muscular sin acumular grasa, . <\/span><\/strong><span>Este aislado de prote\u00edna de suero est\u00e1 formulado para quienes desean maximizar la ganancia y mantenimiento muscular con alta definici\u00f3n, complementando su dieta con una fuente de prote\u00edna de alta calidad. Con 26 gramos de prote\u00edna por porci\u00f3n, 6 gramos de BCAA y 12 gramos de amino\u00e1cidos esenciales, Iso Triple Zero ofrece una nutrici\u00f3n pura y eficiente.<\/span><\/p>\n<p><span>Producido mediante procesos de extracci\u00f3n y filtraci\u00f3n,\u00a0<\/span><strong><span>Iso Triple Zero garantiza una pureza extrema y una alta concentraci\u00f3n de prote\u00ednas.\u00a0<\/span><\/strong><span>Adem\u00e1s, es de f\u00e1cil digesti\u00f3n y r\u00e1pida absorci\u00f3n, estando completamente libre de gluten, grasas y az\u00facares a\u00f1adidos.<\/span><\/p>\n<ul class=\"integralmedica-store-components-0-x-benefitsList\">\n<li class=\"integralmedica-store-components-0-x-benefit\"><span>0% Gluten<\/span><\/li>\n<li class=\"integralmedica-store-components-0-x-benefit\"><span>0% Grasa<\/span><\/li>\n<li class=\"integralmedica-store-components-0-x-benefit\"><span>26 g de prote\u00edna<\/span><\/li>\n<\/ul>\n<h4 class=\"integralmedica-store-components-0-x-title integralmedica-store-components-0-x-title--pdp integralmedica-store-components-0-x-title--cardTypeOne\"><span>\u00bfPara qu\u00e9 se utiliza el aislado de prote\u00edna de suero?<\/span><\/h4>\n<div class=\"integralmedica-store-components-0-x-textArea integralmedica-store-components-0-x-textArea--pdp integralmedica-store-components-0-x-textArea--cardTypeOne\"><span>Iso Triple Zero es una prote\u00edna de alto valor biol\u00f3gico y r\u00e1pida absorci\u00f3n, rica en amino\u00e1cidos esenciales y BCAA. Por tanto, es ideal como complemento post-entrenamiento para mejorar la construcci\u00f3n muscular. Su composici\u00f3n lo hace excelente para dietas hipocal\u00f3ricas (dirigidas a reducir calor\u00edas) y bajas en carbohidratos, lo que lo convierte en la mejor opci\u00f3n de complemento para quienes buscan hipertrofia, adem\u00e1s de definici\u00f3n y p\u00e9rdida de peso. Este aislado de prote\u00edna de suero es especialmente \u00fatil para quienes est\u00e1n ajustando su rutina alimentaria para objetivos como aumentar la masa magra, una recuperaci\u00f3n muscular eficiente y una definici\u00f3n corporal. Con una de las concentraciones de prote\u00edna m\u00e1s altas disponibles en el mercado, ofrece un apoyo ideal para quienes desean maximizar sus resultados, ya sea para competir o simplemente sentirse m\u00e1s saludables y en forma.<\/span><\/div>\n<ul class=\"integralmedica-store-components-0-x-list integralmedica-store-components-0-x-list--pdp integralmedica-store-components-0-x-list--cardTypeOne\">\n<li class=\"integralmedica-store-components-0-x-item integralmedica-store-components-0-x-item--pdp integralmedica-store-components-0-x-item--cardTypeOne\"><span>desarrollo muscular<\/span><\/li>\n<li class=\"integralmedica-store-components-0-x-item integralmedica-store-components-0-x-item--pdp integralmedica-store-components-0-x-item--cardTypeOne\"><span>Recuperaci\u00f3n muscular<\/span><\/li>\n<\/ul>\n","protected":false},"excerpt":{"rendered":"<p><span class=\"OYPEnA font-feature-liga-off font-feature-clig-off font-feature-calt-off text-decoration-none text-strikethrough-none\">Contiene 907g (30 servicios) y 1.8kg (60 servicios)<\/span><\/p>\n<p><span class=\"OYPEnA font-feature-liga-off font-feature-clig-off font-feature-calt-off text-decoration-none text-strikethrough-none\">Con prote\u00edna concentrada 26g, carbos 1.5g, grasa 0g, sin gluten sin az\u00facar y con gran cantidad de amino\u00e1cidos esenciales.<\/span><\/p>\n","protected":false},"featured_media":294,"comment_status":"open","ping_status":"closed","template":"","meta":[],"product_brand":[50],"product_cat":[40],"product_tag":[],"class_list":{"0":"post-288","1":"product","2":"type-product","3":"status-publish","4":"has-post-thumbnail","6":"product_brand-integral-medica","7":"product_cat-proteinas","9":"first","10":"instock","11":"taxable","12":"shipping-taxable","13":"purchasable","14":"product-type-variable"},"jetpack_sharing_enabled":true,"_links":{"self":[{"href":"https:\/\/suplementappbolivia.com\/index.php?rest_route=\/wp\/v2\/product\/288","targetHints":{"allow":["GET"]}}],"collection":[{"href":"https:\/\/suplementappbolivia.com\/index.php?rest_route=\/wp\/v2\/product"}],"about":[{"href":"https:\/\/suplementappbolivia.com\/index.php?rest_route=\/wp\/v2\/types\/product"}],"replies":[{"embeddable":true,"href":"https:\/\/suplementappbolivia.com\/index.php?rest_route=%2Fwp%2Fv2%2Fcomments&post=288"}],"wp:featuredmedia":[{"embeddable":true,"href":"https:\/\/suplementappbolivia.com\/index.php?rest_route=\/wp\/v2\/media\/294"}],"wp:attachment":[{"href":"https:\/\/suplementappbolivia.com\/index.php?rest_route=%2Fwp%2Fv2%2Fmedia&parent=288"}],"wp:term":[{"taxonomy":"product_brand","embeddable":true,"href":"https:\/\/suplementappbolivia.com\/index.php?rest_route=%2Fwp%2Fv2%2Fproduct_brand&post=288"},{"taxonomy":"product_cat","embeddable":true,"href":"https:\/\/suplementappbolivia.com\/index.php?rest_route=%2Fwp%2Fv2%2Fproduct_cat&post=288"},{"taxonomy":"product_tag","embeddable":true,"href":"https:\/\/suplementappbolivia.com\/index.php?rest_route=%2Fwp%2Fv2%2Fproduct_tag&post=288"}],"curies":[{"name":"wp","href":"https:\/\/api.w.org\/{rel}","templated":true}]}}