{"id":232,"date":"2024-08-28T13:37:46","date_gmt":"2024-08-28T17:37:46","guid":{"rendered":"https:\/\/suplementappbolivia.com\/?post_type=product&#038;p=232"},"modified":"2025-08-21T21:06:48","modified_gmt":"2025-08-22T01:06:48","slug":"hot-blood-hardcore","status":"publish","type":"product","link":"https:\/\/suplementappbolivia.com\/?product=hot-blood-hardcore","title":{"rendered":"HOT BLOOD HARDCORE"},"content":{"rendered":"<p>\u00a1La nueva generaci\u00f3n del Hot Blood!<\/p>\n<ul>\n<li>CON MONOHIDRATO DE CREATINA<\/li>\n<li>MATRIZ DE AMINO\u00c1CIDOS RENOVADA<\/li>\n<li>INGREDIENTES ACTIVOS NOOTR\u00d3PICOS (1)<\/li>\n<li>300 MG DE CAFE\u00cdNA DE M\u00daLTIPLES FUENTES<\/li>\n<li>CON ELECTROLITOS<\/li>\n<li>CON EXTRACTO DE PIMIENTA NEGRA (BIOPERINE\u00ae)<\/li>\n<li>COMPLEJO ANTIOXIDANTE (2)<\/li>\n<li>COMPLEJO INMUNITARIO (3)<\/li>\n<\/ul>\n<p>La creatina de HOT BLOOD HARDCORE mejora el rendimiento f\u00edsico durante breves periodos de ejercicio de alta intensidad. El efecto beneficioso se consigue con una ingesta diaria de 3 g de creatina.<\/p>\n<p>(1) La vitamina B6 y la niacina contribuyen al funcionamiento normal del sistema nervioso. El zinc contribuye al mantenimiento de la funci\u00f3n mental normal.<\/p>\n<p>(2) La vitamina C y la vitamina E contribuyen a la protecci\u00f3n de las c\u00e9lulas frente al estr\u00e9s oxidativo.<\/p>\n<p>(3) El folato, la vitamina B12 y la vitamina A contribuyen al buen funcionamiento del sistema inmunitario. El cromo interviene en el metabolismo normal de los macronutrientes. La biotina interviene en los procesos metab\u00f3licos normales de producci\u00f3n de energ\u00eda.<\/p>\n<h3>Uso recomendado<\/h3>\n<p>Mezcla 2&#215;1 porci\u00f3n (2&#215;12,5g, 2x 3\/4 cacito) de polvo Hot Blood Hardcore con 2&#215;200 ml de agua fr\u00eda al d\u00eda.<\/p>\n<p>Consume un servicio 30 minutos antes del entrenamiento y otro durante el entrenamiento.<\/p>\n","protected":false},"excerpt":{"rendered":"<p><span class=\"OYPEnA font-feature-liga-off font-feature-clig-off font-feature-calt-off text-decoration-none text-strikethrough-none\">Contiene 375g (30 servicios) y 700g ( 56 servicios)<\/span><\/p>\n<p><span class=\"OYPEnA font-feature-liga-off font-feature-clig-off font-feature-calt-off text-decoration-none text-strikethrough-none\">Con creatina, precursores oxido n\u00edtrico y cafe\u00edna 300mg, antioxidantes, aminoacidos, quemadores de grasa, vitaminas y minerales, etc&#8230;<\/span><\/p>\n","protected":false},"featured_media":235,"comment_status":"open","ping_status":"closed","template":"","meta":[],"product_brand":[49],"product_cat":[39],"product_tag":[23],"class_list":{"0":"post-232","1":"product","2":"type-product","3":"status-publish","4":"has-post-thumbnail","6":"product_brand-scitec-nutrition","7":"product_cat-pre-entrenos","8":"product_tag-cafeina","9":"product_shipping_class-paquete-pequeno","11":"first","12":"instock","13":"taxable","14":"shipping-taxable","15":"purchasable","16":"product-type-variable"},"jetpack_sharing_enabled":true,"_links":{"self":[{"href":"https:\/\/suplementappbolivia.com\/index.php?rest_route=\/wp\/v2\/product\/232","targetHints":{"allow":["GET"]}}],"collection":[{"href":"https:\/\/suplementappbolivia.com\/index.php?rest_route=\/wp\/v2\/product"}],"about":[{"href":"https:\/\/suplementappbolivia.com\/index.php?rest_route=\/wp\/v2\/types\/product"}],"replies":[{"embeddable":true,"href":"https:\/\/suplementappbolivia.com\/index.php?rest_route=%2Fwp%2Fv2%2Fcomments&post=232"}],"wp:featuredmedia":[{"embeddable":true,"href":"https:\/\/suplementappbolivia.com\/index.php?rest_route=\/wp\/v2\/media\/235"}],"wp:attachment":[{"href":"https:\/\/suplementappbolivia.com\/index.php?rest_route=%2Fwp%2Fv2%2Fmedia&parent=232"}],"wp:term":[{"taxonomy":"product_brand","embeddable":true,"href":"https:\/\/suplementappbolivia.com\/index.php?rest_route=%2Fwp%2Fv2%2Fproduct_brand&post=232"},{"taxonomy":"product_cat","embeddable":true,"href":"https:\/\/suplementappbolivia.com\/index.php?rest_route=%2Fwp%2Fv2%2Fproduct_cat&post=232"},{"taxonomy":"product_tag","embeddable":true,"href":"https:\/\/suplementappbolivia.com\/index.php?rest_route=%2Fwp%2Fv2%2Fproduct_tag&post=232"}],"curies":[{"name":"wp","href":"https:\/\/api.w.org\/{rel}","templated":true}]}}