{"id":195,"date":"2024-08-13T18:42:46","date_gmt":"2024-08-13T22:42:46","guid":{"rendered":"https:\/\/suplementappbolivia.com\/?post_type=product&#038;p=195"},"modified":"2025-08-22T15:44:56","modified_gmt":"2025-08-22T19:44:56","slug":"creatine-monohydrate-micronized","status":"publish","type":"product","link":"https:\/\/suplementappbolivia.com\/?product=creatine-monohydrate-micronized","title":{"rendered":"CREATINE MONOHYDRATE &#8211; MICRONIZED"},"content":{"rendered":"<h3>CREATINE MONOHYDRATE &#8211; MICRONIZED<\/h3>\n<p>Mejora tu estado f\u00edsico con MONOHIDRATO DE CREATINA micronizado, una aut\u00e9ntica fuente de energ\u00eda para mejorar la fuerza y \u200b\u200blos m\u00fasculos. Con un legado como uno de los potenciadores del estado f\u00edsico m\u00e1s estudiados, probados y buscados, la creatina sigue reinando suprema. El polvo de MONOHIDRATO DE CREATINA contiene la versi\u00f3n micronizada pr\u00e9mium del monohidrato de creatina para una mezclabilidad superior y una absorci\u00f3n r\u00e1pida que no causar\u00e1 hinchaz\u00f3n ni malestar. Experimente el espectro completo del poder de la creatina: aumente su rendimiento, desarrolle una fuerza explosiva y muestre esas impresionantes ganancias de masa muscular magra.<\/p>\n<h4>MODO DE EMPLEO<\/h4>\n<p id=\"tw-target-text\" class=\"tw-data-text tw-text-large tw-ta\" dir=\"ltr\" data-placeholder=\"Traducci\u00f3n\" aria-label=\"Texto traducido\" data-ved=\"2ahUKEwiIv4mbhPOHAxVGrJUCHXk_NM4Q3ewLegQIBxAU\"><span class=\"Y2IQFc\" lang=\"es\">Mezcle 1 cucharada en 8 oz de agua. Consumir 1-2 porciones al d\u00eda. Para obtener mejores resultados, utilice diariamente.<br \/>\nCREATINE no tiene sabor y se puede agregar a cualquier bebida de su elecci\u00f3n.<\/span><\/p>\n","protected":false},"excerpt":{"rendered":"<p class=\"cvGsUA direction-ltr align-center para-style-body\"><span class=\"OYPEnA font-feature-liga-off font-feature-clig-off font-feature-calt-off text-decoration-none text-strikethrough-none\">Contiene<\/span><\/p>\n<ul>\n<li><span class=\"OYPEnA font-feature-liga-off font-feature-clig-off font-feature-calt-off text-decoration-none text-strikethrough-none\">300g (60 servicios)\u00a0<\/span><\/li>\n<li><span class=\"OYPEnA font-feature-liga-off font-feature-clig-off font-feature-calt-off text-decoration-none text-strikethrough-none\">1 kilo (200 servicios)\u00a0<\/span><\/li>\n<\/ul>\n<p class=\"cvGsUA direction-ltr align-center para-style-body\"><span class=\"OYPEnA font-feature-liga-off font-feature-clig-off font-feature-calt-off text-decoration-none text-strikethrough-none\">Monohidrato de creatina 100% pura Micronizada, r\u00e1pida absorci\u00f3n.<\/span><\/p>\n","protected":false},"featured_media":200,"comment_status":"open","ping_status":"closed","template":"","meta":[],"product_brand":[55],"product_cat":[33],"product_tag":[],"class_list":{"0":"post-195","1":"product","2":"type-product","3":"status-publish","4":"has-post-thumbnail","6":"product_brand-nutrex-research","7":"product_cat-creatinas","8":"product_shipping_class-paquete-pequeno","10":"first","11":"instock","12":"featured","13":"taxable","14":"shipping-taxable","15":"purchasable","16":"product-type-variable"},"jetpack_sharing_enabled":true,"_links":{"self":[{"href":"https:\/\/suplementappbolivia.com\/index.php?rest_route=\/wp\/v2\/product\/195","targetHints":{"allow":["GET"]}}],"collection":[{"href":"https:\/\/suplementappbolivia.com\/index.php?rest_route=\/wp\/v2\/product"}],"about":[{"href":"https:\/\/suplementappbolivia.com\/index.php?rest_route=\/wp\/v2\/types\/product"}],"replies":[{"embeddable":true,"href":"https:\/\/suplementappbolivia.com\/index.php?rest_route=%2Fwp%2Fv2%2Fcomments&post=195"}],"wp:featuredmedia":[{"embeddable":true,"href":"https:\/\/suplementappbolivia.com\/index.php?rest_route=\/wp\/v2\/media\/200"}],"wp:attachment":[{"href":"https:\/\/suplementappbolivia.com\/index.php?rest_route=%2Fwp%2Fv2%2Fmedia&parent=195"}],"wp:term":[{"taxonomy":"product_brand","embeddable":true,"href":"https:\/\/suplementappbolivia.com\/index.php?rest_route=%2Fwp%2Fv2%2Fproduct_brand&post=195"},{"taxonomy":"product_cat","embeddable":true,"href":"https:\/\/suplementappbolivia.com\/index.php?rest_route=%2Fwp%2Fv2%2Fproduct_cat&post=195"},{"taxonomy":"product_tag","embeddable":true,"href":"https:\/\/suplementappbolivia.com\/index.php?rest_route=%2Fwp%2Fv2%2Fproduct_tag&post=195"}],"curies":[{"name":"wp","href":"https:\/\/api.w.org\/{rel}","templated":true}]}}