{"id":178,"date":"2024-08-12T20:16:28","date_gmt":"2024-08-13T00:16:28","guid":{"rendered":"https:\/\/suplementappbolivia.com\/?post_type=product&#038;p=178"},"modified":"2025-08-21T19:47:25","modified_gmt":"2025-08-21T23:47:25","slug":"pure-yohimbe","status":"publish","type":"product","link":"https:\/\/suplementappbolivia.com\/?product=pure-yohimbe","title":{"rendered":"PURE YOHIMBE"},"content":{"rendered":"<div class=\"lightly-spaced-row not-in-quickbuy\">\n<h4><span style=\"color: 6d1d70;\"><span>LA HIERBA<\/span><\/span><span>\u00a0TRADICIONAL MASCULINA M\u00c1S EXCELENTE*<\/span><\/h4>\n<\/div>\n<div class=\"lightly-spaced-row not-in-quickbuy\">\n<div class=\"product-info-block\">\n<div class=\"rte cf\">\n<ul>\n<li><span>Aumenta la energ\u00eda y la resistencia*<\/span><\/li>\n<li><span>Hierba masculina tradicional*<\/span><\/li>\n<li><span>Aumentar el impulso*<\/span><\/li>\n<\/ul>\n<p>FINAFLEX\u00ae PURE YOHIMBE es un producto herbal masculino tradicional de \u00faltima generaci\u00f3n dise\u00f1ado para aumentar la energ\u00eda, la resistencia y el impulso. Elaborado con Pausinystalia johimbe, PURE YOHIMBE aporta m\u00e1s del ingrediente activo que est\u00e1s buscando en cada c\u00e1psula. *<\/p>\n<\/div>\n<\/div>\n<\/div>\n","protected":false},"excerpt":{"rendered":"<p><span class=\"OYPEnA font-feature-liga-off font-feature-clig-off font-feature-calt-off text-decoration-none text-strikethrough-none\">Contiene 90 capsulas (90 servicios)<\/span><\/p>\n<p><span class=\"OYPEnA font-feature-liga-off font-feature-clig-off font-feature-calt-off text-decoration-none text-strikethrough-none\">100MG DE YOHIMBINA PURA POR SERVICIO, estimulante, vasodilatador y precursor de la testosterona natural<\/span><\/p>\n","protected":false},"featured_media":181,"comment_status":"open","ping_status":"closed","template":"","meta":[],"product_brand":[58],"product_cat":[32],"product_tag":[],"class_list":{"0":"post-178","1":"product","2":"type-product","3":"status-publish","4":"has-post-thumbnail","6":"product_brand-finaflex","7":"product_cat-anabolicos-naturales","8":"product_shipping_class-paquete-pequeno","10":"first","11":"instock","12":"taxable","13":"shipping-taxable","14":"purchasable","15":"product-type-simple"},"jetpack_sharing_enabled":true,"_links":{"self":[{"href":"https:\/\/suplementappbolivia.com\/index.php?rest_route=\/wp\/v2\/product\/178","targetHints":{"allow":["GET"]}}],"collection":[{"href":"https:\/\/suplementappbolivia.com\/index.php?rest_route=\/wp\/v2\/product"}],"about":[{"href":"https:\/\/suplementappbolivia.com\/index.php?rest_route=\/wp\/v2\/types\/product"}],"replies":[{"embeddable":true,"href":"https:\/\/suplementappbolivia.com\/index.php?rest_route=%2Fwp%2Fv2%2Fcomments&post=178"}],"wp:featuredmedia":[{"embeddable":true,"href":"https:\/\/suplementappbolivia.com\/index.php?rest_route=\/wp\/v2\/media\/181"}],"wp:attachment":[{"href":"https:\/\/suplementappbolivia.com\/index.php?rest_route=%2Fwp%2Fv2%2Fmedia&parent=178"}],"wp:term":[{"taxonomy":"product_brand","embeddable":true,"href":"https:\/\/suplementappbolivia.com\/index.php?rest_route=%2Fwp%2Fv2%2Fproduct_brand&post=178"},{"taxonomy":"product_cat","embeddable":true,"href":"https:\/\/suplementappbolivia.com\/index.php?rest_route=%2Fwp%2Fv2%2Fproduct_cat&post=178"},{"taxonomy":"product_tag","embeddable":true,"href":"https:\/\/suplementappbolivia.com\/index.php?rest_route=%2Fwp%2Fv2%2Fproduct_tag&post=178"}],"curies":[{"name":"wp","href":"https:\/\/api.w.org\/{rel}","templated":true}]}}