{"id":159,"date":"2024-08-06T11:43:33","date_gmt":"2024-08-06T15:43:33","guid":{"rendered":"https:\/\/suplementappbolivia.com\/?post_type=product&#038;p=159"},"modified":"2025-08-22T11:41:11","modified_gmt":"2025-08-22T15:41:11","slug":"tribulus-1400","status":"publish","type":"product","link":"https:\/\/suplementappbolivia.com\/?product=tribulus-1400","title":{"rendered":"TRIBULUS 1400"},"content":{"rendered":"<h3>TRIBULUS 1400<\/h3>\n<p>Aprovecha el potente poder del Tribulus Terrestris, una de las hierbas m\u00e1s potentes de la naturaleza, conocida por sus notables beneficios a la hora de promover unos niveles saludables de testosterona. Este suplemento natural est\u00e1 dise\u00f1ado para favorecer el aumento de la masa muscular magra, el aumento de la fuerza y \u200b\u200bla recuperaci\u00f3n. Adem\u00e1s, con unos niveles de testosterona optimizados, sentir\u00e1s un estado elevado de energ\u00eda, as\u00ed como una confianza renovada y un aumento saludable de la libido.<\/p>\n<h4>MODO DE EMPLEO<\/h4>\n<p>Consumir 2 capsulas diarias, en cualquier momento del d\u00eda.<\/p>\n","protected":false},"excerpt":{"rendered":"<p><span class=\"OYPEnA font-feature-liga-off font-feature-clig-off font-feature-calt-off text-decoration-none text-strikethrough-none\">Contiene 90 capsulas (45 servicios)<\/span><\/p>\n<p><span class=\"OYPEnA font-feature-liga-off font-feature-clig-off font-feature-calt-off text-decoration-none text-strikethrough-none\">Potente formula de tr\u00edbulus terrestris en dosis de 1400mg.<\/span><\/p>\n","protected":false},"featured_media":160,"comment_status":"open","ping_status":"closed","template":"","meta":[],"product_brand":[55],"product_cat":[32],"product_tag":[],"class_list":{"0":"post-159","1":"product","2":"type-product","3":"status-publish","4":"has-post-thumbnail","6":"product_brand-nutrex-research","7":"product_cat-anabolicos-naturales","8":"product_shipping_class-paquete-pequeno","10":"first","11":"instock","12":"taxable","13":"shipping-taxable","14":"purchasable","15":"product-type-simple"},"jetpack_sharing_enabled":true,"_links":{"self":[{"href":"https:\/\/suplementappbolivia.com\/index.php?rest_route=\/wp\/v2\/product\/159","targetHints":{"allow":["GET"]}}],"collection":[{"href":"https:\/\/suplementappbolivia.com\/index.php?rest_route=\/wp\/v2\/product"}],"about":[{"href":"https:\/\/suplementappbolivia.com\/index.php?rest_route=\/wp\/v2\/types\/product"}],"replies":[{"embeddable":true,"href":"https:\/\/suplementappbolivia.com\/index.php?rest_route=%2Fwp%2Fv2%2Fcomments&post=159"}],"wp:featuredmedia":[{"embeddable":true,"href":"https:\/\/suplementappbolivia.com\/index.php?rest_route=\/wp\/v2\/media\/160"}],"wp:attachment":[{"href":"https:\/\/suplementappbolivia.com\/index.php?rest_route=%2Fwp%2Fv2%2Fmedia&parent=159"}],"wp:term":[{"taxonomy":"product_brand","embeddable":true,"href":"https:\/\/suplementappbolivia.com\/index.php?rest_route=%2Fwp%2Fv2%2Fproduct_brand&post=159"},{"taxonomy":"product_cat","embeddable":true,"href":"https:\/\/suplementappbolivia.com\/index.php?rest_route=%2Fwp%2Fv2%2Fproduct_cat&post=159"},{"taxonomy":"product_tag","embeddable":true,"href":"https:\/\/suplementappbolivia.com\/index.php?rest_route=%2Fwp%2Fv2%2Fproduct_tag&post=159"}],"curies":[{"name":"wp","href":"https:\/\/api.w.org\/{rel}","templated":true}]}}