{"id":1558,"date":"2025-08-22T14:13:02","date_gmt":"2025-08-22T18:13:02","guid":{"rendered":"https:\/\/suplementappbolivia.com\/?post_type=product&#038;p=1558"},"modified":"2025-08-22T14:13:02","modified_gmt":"2025-08-22T18:13:02","slug":"therma-pro-hardcore","status":"publish","type":"product","link":"https:\/\/suplementappbolivia.com\/?product=therma-pro-hardcore","title":{"rendered":"THERMA PRO HARDCORE"},"content":{"rendered":"<p class=\"vtex-text-p\"><span dir=\"auto\">\u00a1Tu mejor aliado para\u00a0<\/span><strong><span dir=\"auto\">quemar grasa! Therma Pro Hardcore de Integralm\u00e9dica<\/span><\/strong><span dir=\"auto\">\u00a0aporta 285 mg de cafe\u00edna por dosis,\u00a0<\/span><strong><span dir=\"auto\">acelerando el metabolismo y aumentando la quema de grasa<\/span><\/strong><span dir=\"auto\">\u00a0.<\/span><\/p>\n<p class=\"vtex-text-p\"><span dir=\"auto\">Por su r\u00e1pida acci\u00f3n es una excelente opci\u00f3n para\u00a0<\/span><strong><span dir=\"auto\">aumentar la energ\u00eda y la resistencia durante el entrenamiento<\/span><\/strong><span dir=\"auto\">\u00a0.<\/span><\/p>\n<p class=\"vtex-text-p\"><span dir=\"auto\">Desarrollado con 100% cafe\u00edna,\u00a0<\/span><strong><span dir=\"auto\">Therma Pro Hardcore<\/span><\/strong><span dir=\"auto\">\u00a0est\u00e1 recomendado para entrenamientos intensos y reducci\u00f3n de grasa corporal.<\/span><\/p>\n","protected":false},"excerpt":{"rendered":"<div class=\"product__text\">\n<div class=\"product__text__content mt--first-child-0 product__text--medium\">\n<p>Contiene 60 tabletas (30 servicios)<\/p>\n<p><strong>PROMUEBE:<\/strong><\/p>\n<p><strong>La quema de grasa<\/strong><\/p>\n<\/div>\n<\/div>\n<div class=\"product__text\">\n<div class=\"product__text__content mt--first-child-0 product__text--medium\">\n<p><strong>Aumento de energ\u00eda<\/strong><\/p>\n<\/div>\n<\/div>\n<div class=\"product__text\">\n<div class=\"product__text__content mt--first-child-0 product__text--medium\">\n<p><strong>Mayor resistencia<\/strong><\/p>\n<\/div>\n<\/div>\n","protected":false},"featured_media":1561,"comment_status":"open","ping_status":"closed","template":"","meta":[],"product_brand":[50],"product_cat":[39,41,17],"product_tag":[],"class_list":{"0":"post-1558","1":"product","2":"type-product","3":"status-publish","4":"has-post-thumbnail","6":"product_brand-integral-medica","7":"product_cat-pre-entrenos","8":"product_cat-quemadores","9":"product_cat-suplementos","11":"first","12":"instock","13":"taxable","14":"shipping-taxable","15":"purchasable","16":"product-type-variable"},"jetpack_sharing_enabled":true,"_links":{"self":[{"href":"https:\/\/suplementappbolivia.com\/index.php?rest_route=\/wp\/v2\/product\/1558","targetHints":{"allow":["GET"]}}],"collection":[{"href":"https:\/\/suplementappbolivia.com\/index.php?rest_route=\/wp\/v2\/product"}],"about":[{"href":"https:\/\/suplementappbolivia.com\/index.php?rest_route=\/wp\/v2\/types\/product"}],"replies":[{"embeddable":true,"href":"https:\/\/suplementappbolivia.com\/index.php?rest_route=%2Fwp%2Fv2%2Fcomments&post=1558"}],"wp:featuredmedia":[{"embeddable":true,"href":"https:\/\/suplementappbolivia.com\/index.php?rest_route=\/wp\/v2\/media\/1561"}],"wp:attachment":[{"href":"https:\/\/suplementappbolivia.com\/index.php?rest_route=%2Fwp%2Fv2%2Fmedia&parent=1558"}],"wp:term":[{"taxonomy":"product_brand","embeddable":true,"href":"https:\/\/suplementappbolivia.com\/index.php?rest_route=%2Fwp%2Fv2%2Fproduct_brand&post=1558"},{"taxonomy":"product_cat","embeddable":true,"href":"https:\/\/suplementappbolivia.com\/index.php?rest_route=%2Fwp%2Fv2%2Fproduct_cat&post=1558"},{"taxonomy":"product_tag","embeddable":true,"href":"https:\/\/suplementappbolivia.com\/index.php?rest_route=%2Fwp%2Fv2%2Fproduct_tag&post=1558"}],"curies":[{"name":"wp","href":"https:\/\/api.w.org\/{rel}","templated":true}]}}