{"id":1554,"date":"2025-08-22T13:57:30","date_gmt":"2025-08-22T17:57:30","guid":{"rendered":"https:\/\/suplementappbolivia.com\/?post_type=product&#038;p=1554"},"modified":"2025-08-22T13:57:31","modified_gmt":"2025-08-22T17:57:31","slug":"zinc","status":"publish","type":"product","link":"https:\/\/suplementappbolivia.com\/?product=zinc","title":{"rendered":"ZINC"},"content":{"rendered":"<h3>El zinc y el deporte<\/h3>\n<p>El primer reconocimiento de una enzima que contiene zinc fue la anhidrasa carb\u00f3nica. Esta enzima es responsable del transporte de Co<sub>2<\/sub>\u00a0en la sangre y de la estabilidad del pH sangu\u00edneo. Con un aporte reducido de zinc, se reduce el VO<sub>2<\/sub>\u00a0m\u00e1x y, por tanto, la capacidad de ejercicio.\u00a0<sup>3<\/sup><br \/>\n*En los individuos en los que realmente se detect\u00f3 una deficiencia de zinc, la producci\u00f3n de testosterona tambi\u00e9n fue insuficiente. Con la administraci\u00f3n de suplementos de zinc, los niveles s\u00e9ricos de testosterona mejoraron significativamente.<sup>6<\/sup><br \/>\nEn los deportistas, especialmente en los de \u00e9lite, el estr\u00e9s f\u00edsico y emocional continuo puede reducir significativamente la producci\u00f3n de testosterona. En un estudio realizado en 2007 en luchadores de \u00e9lite, los suplementos de sulfato de zinc aumentaron los niveles de testosterona libre y ligada.<sup>7<\/sup><\/p>\n<p>* El zinc ayuda a mantener una funci\u00f3n mental normal y unos niveles sangu\u00edneos normales de testosterona.<\/p>\n","protected":false},"excerpt":{"rendered":"<p>Contiene 100 tabletas (100 servicios)<\/p>\n<p>Con Gluconato de zinc y bisglicinato de zinc, 25 mg de zinc al d\u00eda.<\/p>\n","protected":false},"featured_media":1555,"comment_status":"open","ping_status":"closed","template":"","meta":[],"product_brand":[49],"product_cat":[17,43],"product_tag":[],"class_list":{"0":"post-1554","1":"product","2":"type-product","3":"status-publish","4":"has-post-thumbnail","6":"product_brand-scitec-nutrition","7":"product_cat-suplementos","8":"product_cat-vitaminas-y-minerales","10":"first","11":"instock","12":"taxable","13":"shipping-taxable","14":"purchasable","15":"product-type-simple"},"jetpack_sharing_enabled":true,"_links":{"self":[{"href":"https:\/\/suplementappbolivia.com\/index.php?rest_route=\/wp\/v2\/product\/1554","targetHints":{"allow":["GET"]}}],"collection":[{"href":"https:\/\/suplementappbolivia.com\/index.php?rest_route=\/wp\/v2\/product"}],"about":[{"href":"https:\/\/suplementappbolivia.com\/index.php?rest_route=\/wp\/v2\/types\/product"}],"replies":[{"embeddable":true,"href":"https:\/\/suplementappbolivia.com\/index.php?rest_route=%2Fwp%2Fv2%2Fcomments&post=1554"}],"wp:featuredmedia":[{"embeddable":true,"href":"https:\/\/suplementappbolivia.com\/index.php?rest_route=\/wp\/v2\/media\/1555"}],"wp:attachment":[{"href":"https:\/\/suplementappbolivia.com\/index.php?rest_route=%2Fwp%2Fv2%2Fmedia&parent=1554"}],"wp:term":[{"taxonomy":"product_brand","embeddable":true,"href":"https:\/\/suplementappbolivia.com\/index.php?rest_route=%2Fwp%2Fv2%2Fproduct_brand&post=1554"},{"taxonomy":"product_cat","embeddable":true,"href":"https:\/\/suplementappbolivia.com\/index.php?rest_route=%2Fwp%2Fv2%2Fproduct_cat&post=1554"},{"taxonomy":"product_tag","embeddable":true,"href":"https:\/\/suplementappbolivia.com\/index.php?rest_route=%2Fwp%2Fv2%2Fproduct_tag&post=1554"}],"curies":[{"name":"wp","href":"https:\/\/api.w.org\/{rel}","templated":true}]}}