{"id":1487,"date":"2025-08-21T20:50:44","date_gmt":"2025-08-22T00:50:44","guid":{"rendered":"https:\/\/suplementappbolivia.com\/?post_type=product&#038;p=1487"},"modified":"2025-08-22T10:50:34","modified_gmt":"2025-08-22T14:50:34","slug":"mass-infusion","status":"publish","type":"product","link":"https:\/\/suplementappbolivia.com\/?product=mass-infusion","title":{"rendered":"MASS INFUSION"},"content":{"rendered":"<p>MASS INFUSI\u00d3N es el ganador de peso definitivo, formulado por expertos para impulsar un r\u00e1pido aumento de peso y crecimiento muscular. Cada porci\u00f3n aporta la impresionante cantidad de 50 g de prote\u00edna premium y 1120 calor\u00edas, dise\u00f1adas para impulsar tu transformaci\u00f3n hacia el aumento de peso. Este completo ganador de peso ofrece una f\u00f3rmula rica en nutrientes, lo que lo hace perfecto para ayudarte a alcanzar tus objetivos de fuerza y \u200b\u200bpeso. Enriquecido con una rica mezcla de EAA y BCAA, MASS INFUSI\u00d3N promueve la s\u00edntesis de prote\u00ednas y una r\u00e1pida recuperaci\u00f3n, asegur\u00e1ndote de sacar el m\u00e1ximo provecho de tus entrenamientos exigentes. Impulsa tus ganancias: consigue tu propio MASS INFUSI\u00d3N hoy mismo.<\/p>\n<p>Mezcle 1 porci\u00f3n (4 cucharadas) con 600 ml (22 oz) de agua o leche y cons\u00famala por la ma\u00f1ana, entre comidas, despu\u00e9s de entrenar o antes de acostarse. Mezcle bien y ajuste la cantidad de agua o leche seg\u00fan sea necesario. Gracias a su alta concentraci\u00f3n de nutrientes, puede comenzar con solo media porci\u00f3n y aumentar gradualmente hasta completarla. Seg\u00fan sus objetivos, MASS INFUSI\u00d3N debe consumirse de 1 a 2 veces al d\u00eda.<\/p>\n","protected":false},"excerpt":{"rendered":"<p>Contiene 5450g (19 servicios)<\/p>\n<p><span class=\"a_GcMg font-feature-liga-off font-feature-clig-off font-feature-calt-off text-decoration-none text-strikethrough-none\">Con prote\u00ednas 50g, maltodextrinas 200g, amino\u00e1cidos 36g, vitaminas y minerales, precursores del oxido n\u00edtrico, etc&#8230; <\/span><\/p>\n<p><span class=\"a_GcMg font-feature-liga-off font-feature-clig-off font-feature-calt-off text-decoration-none text-strikethrough-none\">Todo en proporciones muy altas, 1120 calor\u00edas por dosis&#8230;<\/span><\/p>\n","protected":false},"featured_media":1488,"comment_status":"open","ping_status":"closed","template":"","meta":[],"product_brand":[55],"product_cat":[38,17],"product_tag":[],"class_list":{"0":"post-1487","1":"product","2":"type-product","3":"status-publish","4":"has-post-thumbnail","6":"product_brand-nutrex-research","7":"product_cat-ganadores-de-peso","8":"product_cat-suplementos","10":"first","11":"instock","12":"taxable","13":"shipping-taxable","14":"purchasable","15":"product-type-simple"},"jetpack_sharing_enabled":true,"_links":{"self":[{"href":"https:\/\/suplementappbolivia.com\/index.php?rest_route=\/wp\/v2\/product\/1487","targetHints":{"allow":["GET"]}}],"collection":[{"href":"https:\/\/suplementappbolivia.com\/index.php?rest_route=\/wp\/v2\/product"}],"about":[{"href":"https:\/\/suplementappbolivia.com\/index.php?rest_route=\/wp\/v2\/types\/product"}],"replies":[{"embeddable":true,"href":"https:\/\/suplementappbolivia.com\/index.php?rest_route=%2Fwp%2Fv2%2Fcomments&post=1487"}],"wp:featuredmedia":[{"embeddable":true,"href":"https:\/\/suplementappbolivia.com\/index.php?rest_route=\/wp\/v2\/media\/1488"}],"wp:attachment":[{"href":"https:\/\/suplementappbolivia.com\/index.php?rest_route=%2Fwp%2Fv2%2Fmedia&parent=1487"}],"wp:term":[{"taxonomy":"product_brand","embeddable":true,"href":"https:\/\/suplementappbolivia.com\/index.php?rest_route=%2Fwp%2Fv2%2Fproduct_brand&post=1487"},{"taxonomy":"product_cat","embeddable":true,"href":"https:\/\/suplementappbolivia.com\/index.php?rest_route=%2Fwp%2Fv2%2Fproduct_cat&post=1487"},{"taxonomy":"product_tag","embeddable":true,"href":"https:\/\/suplementappbolivia.com\/index.php?rest_route=%2Fwp%2Fv2%2Fproduct_tag&post=1487"}],"curies":[{"name":"wp","href":"https:\/\/api.w.org\/{rel}","templated":true}]}}