{"id":1434,"date":"2025-05-06T12:14:48","date_gmt":"2025-05-06T16:14:48","guid":{"rendered":"https:\/\/suplementappbolivia.com\/?post_type=product&#038;p=1434"},"modified":"2025-08-22T15:41:35","modified_gmt":"2025-08-22T19:41:35","slug":"pack-entrenamiento-deportivo","status":"publish","type":"product","link":"https:\/\/suplementappbolivia.com\/?product=pack-entrenamiento-deportivo","title":{"rendered":"PACK ENTRENAMIENTO DEPORTIVO"},"content":{"rendered":"","protected":false},"excerpt":{"rendered":"<p>Contiene mas de 1100 archivos completamente descargables!!<\/p>\n<p>En el Pack vas a encontrar, libros, revistas, art\u00edculos y estudios, sobre los siguientes temas:<\/p>\n<p>Anatom\u00eda, musculaci\u00f3n, programas de entrenamiento, entrenamiento deportivo, fuerza, entrenador personal, m\u00e9todos de entrenamiento, gu\u00edas de entrenamiento, calistenia, crossfit, yoga, deportes de lucha, estiramientos, psicolog\u00eda deportiva y mucho mas&#8230;.<\/p>\n","protected":false},"featured_media":1435,"comment_status":"open","ping_status":"closed","template":"","meta":[],"product_brand":[],"product_cat":[19],"product_tag":[],"class_list":{"0":"post-1434","1":"product","2":"type-product","3":"status-publish","4":"has-post-thumbnail","6":"product_cat-biblioteca-fitness","8":"first","9":"instock","10":"featured","11":"downloadable","12":"taxable","13":"shipping-taxable","14":"purchasable","15":"product-type-simple"},"jetpack_sharing_enabled":true,"_links":{"self":[{"href":"https:\/\/suplementappbolivia.com\/index.php?rest_route=\/wp\/v2\/product\/1434","targetHints":{"allow":["GET"]}}],"collection":[{"href":"https:\/\/suplementappbolivia.com\/index.php?rest_route=\/wp\/v2\/product"}],"about":[{"href":"https:\/\/suplementappbolivia.com\/index.php?rest_route=\/wp\/v2\/types\/product"}],"replies":[{"embeddable":true,"href":"https:\/\/suplementappbolivia.com\/index.php?rest_route=%2Fwp%2Fv2%2Fcomments&post=1434"}],"wp:featuredmedia":[{"embeddable":true,"href":"https:\/\/suplementappbolivia.com\/index.php?rest_route=\/wp\/v2\/media\/1435"}],"wp:attachment":[{"href":"https:\/\/suplementappbolivia.com\/index.php?rest_route=%2Fwp%2Fv2%2Fmedia&parent=1434"}],"wp:term":[{"taxonomy":"product_brand","embeddable":true,"href":"https:\/\/suplementappbolivia.com\/index.php?rest_route=%2Fwp%2Fv2%2Fproduct_brand&post=1434"},{"taxonomy":"product_cat","embeddable":true,"href":"https:\/\/suplementappbolivia.com\/index.php?rest_route=%2Fwp%2Fv2%2Fproduct_cat&post=1434"},{"taxonomy":"product_tag","embeddable":true,"href":"https:\/\/suplementappbolivia.com\/index.php?rest_route=%2Fwp%2Fv2%2Fproduct_tag&post=1434"}],"curies":[{"name":"wp","href":"https:\/\/api.w.org\/{rel}","templated":true}]}}