{"id":1415,"date":"2025-04-22T21:48:50","date_gmt":"2025-04-23T01:48:50","guid":{"rendered":"https:\/\/suplementappbolivia.com\/?post_type=product&#038;p=1415"},"modified":"2026-02-05T13:03:57","modified_gmt":"2026-02-05T17:03:57","slug":"calleras-en-forma-de-v","status":"publish","type":"product","link":"https:\/\/suplementappbolivia.com\/?product=calleras-en-forma-de-v","title":{"rendered":"CALLERAS EN FORMA DE V"},"content":{"rendered":"","protected":false},"excerpt":{"rendered":"<p>Calleras de Cuero, esp\u00e9ciales para crossfit, calistenia y ejercicios en barra. :<\/p>\n<p>\ud83d\udcaa\ud83c\udffdEspeciales para proteger las manos de rozaduras, callos y heridas.<\/p>\n<p>\ud83d\udcaa\ud83c\udffdMejora el agarre al proporcionar una superficie m\u00e1s adherente.<\/p>\n<p>\ud83d\udcaa\ud83c\udffdPermiten hacer mas repeticiones, as\u00ed como tambi\u00e9n sostenerse durante m\u00e1s tiempo.<\/p>\n<p>\ud83d\udcaa\ud83c\udffdProtecci\u00f3n, mejor agarre, reducci\u00f3n de la fatiga y mayor rendimiento.<\/p>\n","protected":false},"featured_media":1414,"comment_status":"open","ping_status":"closed","template":"","meta":[],"product_brand":[89],"product_cat":[30,29],"product_tag":[],"class_list":{"0":"post-1415","1":"product","2":"type-product","3":"status-publish","4":"has-post-thumbnail","6":"product_brand-sportart","7":"product_cat-complementos-personales","8":"product_cat-material-deportivo","9":"product_shipping_class-paquete-pequeno","11":"first","12":"outofstock","13":"taxable","14":"shipping-taxable","15":"purchasable","16":"product-type-simple"},"jetpack_sharing_enabled":true,"_links":{"self":[{"href":"https:\/\/suplementappbolivia.com\/index.php?rest_route=\/wp\/v2\/product\/1415","targetHints":{"allow":["GET"]}}],"collection":[{"href":"https:\/\/suplementappbolivia.com\/index.php?rest_route=\/wp\/v2\/product"}],"about":[{"href":"https:\/\/suplementappbolivia.com\/index.php?rest_route=\/wp\/v2\/types\/product"}],"replies":[{"embeddable":true,"href":"https:\/\/suplementappbolivia.com\/index.php?rest_route=%2Fwp%2Fv2%2Fcomments&post=1415"}],"wp:featuredmedia":[{"embeddable":true,"href":"https:\/\/suplementappbolivia.com\/index.php?rest_route=\/wp\/v2\/media\/1414"}],"wp:attachment":[{"href":"https:\/\/suplementappbolivia.com\/index.php?rest_route=%2Fwp%2Fv2%2Fmedia&parent=1415"}],"wp:term":[{"taxonomy":"product_brand","embeddable":true,"href":"https:\/\/suplementappbolivia.com\/index.php?rest_route=%2Fwp%2Fv2%2Fproduct_brand&post=1415"},{"taxonomy":"product_cat","embeddable":true,"href":"https:\/\/suplementappbolivia.com\/index.php?rest_route=%2Fwp%2Fv2%2Fproduct_cat&post=1415"},{"taxonomy":"product_tag","embeddable":true,"href":"https:\/\/suplementappbolivia.com\/index.php?rest_route=%2Fwp%2Fv2%2Fproduct_tag&post=1415"}],"curies":[{"name":"wp","href":"https:\/\/api.w.org\/{rel}","templated":true}]}}