{"id":1219,"date":"2025-03-17T11:33:37","date_gmt":"2025-03-17T15:33:37","guid":{"rendered":"https:\/\/suplementappbolivia.com\/?post_type=product&#038;p=1219"},"modified":"2025-08-22T11:25:23","modified_gmt":"2025-08-22T15:25:23","slug":"lipo-6-nigthtime","status":"publish","type":"product","link":"https:\/\/suplementappbolivia.com\/?product=lipo-6-nigthtime","title":{"rendered":"LIPO 6 NIGTHTIME"},"content":{"rendered":"<p>LIPO-6 NIGHTTIME es el \u00fanico suplemento ultraconcentrado para dormir y bajar de peso. Su f\u00f3rmula avanzada est\u00e1 dise\u00f1ada por expertos para optimizar tu ciclo de descanso y, al mismo tiempo, impulsar tu proceso de p\u00e9rdida de peso mientras duermes. LIPO-6 NIGHTTIME es la soluci\u00f3n para disfrutar de noches tranquilas y rejuvenecedoras, y despertar con energ\u00eda renovada y vibrante. Con LIPO-6 NIGHTTIME, tu metabolismo se mantiene activo incluso mientras duermes. Duerme mejor, controla tus antojos y mejora tu control de peso nocturno: \u00a1toma LIPO-6 NIGHTTIME hoy mismo!<\/p>\n","protected":false},"excerpt":{"rendered":"<p>Contiene 30 capsulas (30 servicios)<\/p>\n<p><span class=\"OYPEnA font-feature-liga-off font-feature-clig-off font-feature-calt-off text-decoration-none text-strikethrough-none\">Con potente formula que estimula un sue\u00f1o profundo y reparador, a la vez que acelera tu metabolismo para quemar grasas<\/span><\/p>\n<ul>\n<li><span>Favorece la p\u00e9rdida de grasa mientras duermes<\/span><\/li>\n<li><span>Mejora la calidad del sue\u00f1o para una mejor recuperaci\u00f3n<\/span><\/li>\n<li><span>Ayuda a controlar los antojos y el apetito.<\/span><\/li>\n<li><span>F\u00f3rmula que no produce somnolencia para noches de descanso reparador<\/span><\/li>\n<\/ul>\n","protected":false},"featured_media":1180,"comment_status":"open","ping_status":"closed","template":"","meta":[],"product_brand":[55],"product_cat":[41,17],"product_tag":[],"class_list":{"0":"post-1219","1":"product","2":"type-product","3":"status-publish","4":"has-post-thumbnail","6":"product_brand-nutrex-research","7":"product_cat-quemadores","8":"product_cat-suplementos","9":"product_shipping_class-paquete-pequeno","11":"first","12":"instock","13":"taxable","14":"shipping-taxable","15":"purchasable","16":"product-type-simple"},"jetpack_sharing_enabled":true,"_links":{"self":[{"href":"https:\/\/suplementappbolivia.com\/index.php?rest_route=\/wp\/v2\/product\/1219","targetHints":{"allow":["GET"]}}],"collection":[{"href":"https:\/\/suplementappbolivia.com\/index.php?rest_route=\/wp\/v2\/product"}],"about":[{"href":"https:\/\/suplementappbolivia.com\/index.php?rest_route=\/wp\/v2\/types\/product"}],"replies":[{"embeddable":true,"href":"https:\/\/suplementappbolivia.com\/index.php?rest_route=%2Fwp%2Fv2%2Fcomments&post=1219"}],"wp:featuredmedia":[{"embeddable":true,"href":"https:\/\/suplementappbolivia.com\/index.php?rest_route=\/wp\/v2\/media\/1180"}],"wp:attachment":[{"href":"https:\/\/suplementappbolivia.com\/index.php?rest_route=%2Fwp%2Fv2%2Fmedia&parent=1219"}],"wp:term":[{"taxonomy":"product_brand","embeddable":true,"href":"https:\/\/suplementappbolivia.com\/index.php?rest_route=%2Fwp%2Fv2%2Fproduct_brand&post=1219"},{"taxonomy":"product_cat","embeddable":true,"href":"https:\/\/suplementappbolivia.com\/index.php?rest_route=%2Fwp%2Fv2%2Fproduct_cat&post=1219"},{"taxonomy":"product_tag","embeddable":true,"href":"https:\/\/suplementappbolivia.com\/index.php?rest_route=%2Fwp%2Fv2%2Fproduct_tag&post=1219"}],"curies":[{"name":"wp","href":"https:\/\/api.w.org\/{rel}","templated":true}]}}