{"id":121,"date":"2024-08-04T19:30:30","date_gmt":"2024-08-04T23:30:30","guid":{"rendered":"https:\/\/suplementappbolivia.com\/?post_type=product&#038;p=121"},"modified":"2025-06-14T10:48:04","modified_gmt":"2025-06-14T14:48:04","slug":"bcaa-xpress","status":"publish","type":"product","link":"https:\/\/suplementappbolivia.com\/?product=bcaa-xpress","title":{"rendered":"BCAA XPRESS"},"content":{"rendered":"<h1>BCAA Xpress<\/h1>\n<p>BCAA Xpress de Scitec Nutrition, es un suplemento nutricional que aporta a nuestro cuerpo amino\u00e1cidos ramificados leucina, isoleucina y valina, el cual viene en una proporci\u00f3n 2:1:1, y que nos ofrece grandes beneficios como hacer que nuestros m\u00fasculos obtengan la energ\u00eda que necesitamos.<\/p>\n<ul>\n<li>Sin az\u00facar*<\/li>\n<li>Sin gluten**<\/li>\n<li>Sin lactosa***<\/li>\n<li>amino\u00e1cidos de cadena ramificada en una proporci\u00f3n de 2:1:1<\/li>\n<li>7 gramos de BCAA puro por raci\u00f3n<\/li>\n<\/ul>\n<h3>Uso recomendado<\/h3>\n<p>Mezcla una raci\u00f3n de polvo BCAA Xpress (7 g=3\/4 del dosificador) con 300 ml de agua. Cons\u00famelo antes, durante o despu\u00e9s del entrenamiento o entre las comidas.<\/p>\n","protected":false},"excerpt":{"rendered":"<p><span class=\"OYPEnA font-feature-liga-off font-feature-clig-off font-feature-calt-off text-decoration-none text-strikethrough-none\">Contiene 280g (40 servicios) y 700g (100 servicios) <\/span><\/p>\n<p><span class=\"OYPEnA font-feature-liga-off font-feature-clig-off font-feature-calt-off text-decoration-none text-strikethrough-none\">Con 7g de bcaa (leucina, isoleucina y valina) por servicio<\/span><\/p>\n","protected":false},"featured_media":129,"comment_status":"open","ping_status":"closed","template":"","meta":[],"product_brand":[49],"product_cat":[18],"product_tag":[],"class_list":{"0":"post-121","1":"product","2":"type-product","3":"status-publish","4":"has-post-thumbnail","6":"product_brand-scitec-nutrition","7":"product_cat-aminoacidos","8":"product_shipping_class-paquete-pequeno","10":"first","11":"instock","12":"taxable","13":"shipping-taxable","14":"purchasable","15":"product-type-variable"},"jetpack_sharing_enabled":true,"_links":{"self":[{"href":"https:\/\/suplementappbolivia.com\/index.php?rest_route=\/wp\/v2\/product\/121","targetHints":{"allow":["GET"]}}],"collection":[{"href":"https:\/\/suplementappbolivia.com\/index.php?rest_route=\/wp\/v2\/product"}],"about":[{"href":"https:\/\/suplementappbolivia.com\/index.php?rest_route=\/wp\/v2\/types\/product"}],"replies":[{"embeddable":true,"href":"https:\/\/suplementappbolivia.com\/index.php?rest_route=%2Fwp%2Fv2%2Fcomments&post=121"}],"wp:featuredmedia":[{"embeddable":true,"href":"https:\/\/suplementappbolivia.com\/index.php?rest_route=\/wp\/v2\/media\/129"}],"wp:attachment":[{"href":"https:\/\/suplementappbolivia.com\/index.php?rest_route=%2Fwp%2Fv2%2Fmedia&parent=121"}],"wp:term":[{"taxonomy":"product_brand","embeddable":true,"href":"https:\/\/suplementappbolivia.com\/index.php?rest_route=%2Fwp%2Fv2%2Fproduct_brand&post=121"},{"taxonomy":"product_cat","embeddable":true,"href":"https:\/\/suplementappbolivia.com\/index.php?rest_route=%2Fwp%2Fv2%2Fproduct_cat&post=121"},{"taxonomy":"product_tag","embeddable":true,"href":"https:\/\/suplementappbolivia.com\/index.php?rest_route=%2Fwp%2Fv2%2Fproduct_tag&post=121"}],"curies":[{"name":"wp","href":"https:\/\/api.w.org\/{rel}","templated":true}]}}